{"id":9,"date":"2020-06-07T03:36:56","date_gmt":"2020-06-07T01:36:56","guid":{"rendered":"https:\/\/turckheim.net\/?page_id=9"},"modified":"2021-06-25T00:02:14","modified_gmt":"2021-06-24T22:02:14","slug":"a-propos-de","status":"publish","type":"page","link":"https:\/\/turckheim.net\/index.php\/a-propos-de\/","title":{"rendered":"\u00c0 propos de"},"content":{"rendered":"\n<p>Site Web de l&rsquo;association des membres de la famille de Turckheim.<\/p>\n\n\n\n<p><\/p>\n\n\n\n<p>Pour en savoir plus rapidement \u00e0 propos de notre famille, rendez-vous sur la page <a href=\"https:\/\/fr.wikipedia.org\/wiki\/Famille_de_Turckheim\" data-type=\"URL\" data-id=\"https:\/\/fr.wikipedia.org\/wiki\/Famille_de_Turckheim\">wikip\u00e9dia <\/a>qui lui est consacr\u00e9e!<\/p>\n","protected":false},"excerpt":{"rendered":"<p>Site Web de l&rsquo;association des membres de la famille de Turckheim. Pour en savoir plus rapidement \u00e0 propos de notre famille, rendez-vous sur la page wikip\u00e9dia qui lui est consacr\u00e9e!<\/p>\n","protected":false},"author":1,"featured_media":0,"parent":0,"menu_order":0,"comment_status":"closed","ping_status":"closed","template":"","meta":{"footnotes":""},"class_list":["post-9","page","type-page","status-publish","hentry"],"_links":{"self":[{"href":"https:\/\/turckheim.net\/index.php\/wp-json\/wp\/v2\/pages\/9","targetHints":{"allow":["GET"]}}],"collection":[{"href":"https:\/\/turckheim.net\/index.php\/wp-json\/wp\/v2\/pages"}],"about":[{"href":"https:\/\/turckheim.net\/index.php\/wp-json\/wp\/v2\/types\/page"}],"author":[{"embeddable":true,"href":"https:\/\/turckheim.net\/index.php\/wp-json\/wp\/v2\/users\/1"}],"replies":[{"embeddable":true,"href":"https:\/\/turckheim.net\/index.php\/wp-json\/wp\/v2\/comments?post=9"}],"version-history":[{"count":4,"href":"https:\/\/turckheim.net\/index.php\/wp-json\/wp\/v2\/pages\/9\/revisions"}],"predecessor-version":[{"id":1124,"href":"https:\/\/turckheim.net\/index.php\/wp-json\/wp\/v2\/pages\/9\/revisions\/1124"}],"wp:attachment":[{"href":"https:\/\/turckheim.net\/index.php\/wp-json\/wp\/v2\/media?parent=9"}],"curies":[{"name":"wp","href":"https:\/\/api.w.org\/{rel}","templated":true}]}}