{"id":1330,"date":"2022-01-30T17:48:04","date_gmt":"2022-01-30T16:48:04","guid":{"rendered":"https:\/\/turckheim.net\/?page_id=1330"},"modified":"2023-07-19T21:17:04","modified_gmt":"2023-07-19T19:17:04","slug":"cotisations-amft","status":"publish","type":"page","link":"https:\/\/turckheim.net\/index.php\/cotisations-amft\/","title":{"rendered":"Cotisations AMFT"},"content":{"rendered":"\n<p><\/p>\n\n\n\n<p>Pour cotiser \u00e0 l&rsquo;AMFT, <a href=\"https:\/\/www.helloasso.com\/associations\/association-des-membres-de-la-famille-turckheim-amft\/adhesions\/cotisation-2023\" data-type=\"URL\" data-id=\"https:\/\/www.helloasso.com\/associations\/association-des-membres-de-la-famille-turckheim-amft\/adhesions\/cotisation-2023\">c&rsquo;est ici que \u00e7a se passe!<\/a><\/p>\n\n\n\n<p>Cliquez et laissez-vous guider, c&rsquo;est tout simple!<\/p>\n\n\n\n<p>Pour toute question sur les cotisations (est-ce que j&rsquo;ai pay\u00e9 ma cotisation? \u00e0 qui puis-je payer par ch\u00e8que), vous pouvez contacter directement la tr\u00e9sori\u00e8re de l&rsquo;association, Cl\u00e9oph\u00e9, \u00e0 l&rsquo;adresse:\u00a0<a rel=\"noreferrer noopener\" href=\"mailto:cleophedet@aol.com\" target=\"_blank\">cleophedet@aol.com<\/a><\/p>\n\n\n\n<p><\/p>\n\n\n\n<p><\/p>\n\n\n\n<p><\/p>\n\n\n\n<p><\/p>\n\n\n\n<figure class=\"wp-block-table\"><table><tbody><tr><td>\u00e0 bient\u00f4t!<\/td><\/tr><\/tbody><\/table><\/figure>\n","protected":false},"excerpt":{"rendered":"<p>Pour cotiser \u00e0 l&rsquo;AMFT, c&rsquo;est ici que \u00e7a se passe! Cliquez et laissez-vous guider, c&rsquo;est tout simple! Pour toute question sur les cotisations (est-ce que j&rsquo;ai pay\u00e9 ma cotisation? \u00e0 qui puis-je payer par ch\u00e8que), vous pouvez contacter directement la tr\u00e9sori\u00e8re de l&rsquo;association, Cl\u00e9oph\u00e9, \u00e0 l&rsquo;adresse:\u00a0cleophedet@aol.com \u00e0 bient\u00f4t!<\/p>\n","protected":false},"author":2,"featured_media":0,"parent":0,"menu_order":0,"comment_status":"closed","ping_status":"closed","template":"","meta":{"footnotes":""},"class_list":["post-1330","page","type-page","status-publish","hentry"],"_links":{"self":[{"href":"https:\/\/turckheim.net\/index.php\/wp-json\/wp\/v2\/pages\/1330","targetHints":{"allow":["GET"]}}],"collection":[{"href":"https:\/\/turckheim.net\/index.php\/wp-json\/wp\/v2\/pages"}],"about":[{"href":"https:\/\/turckheim.net\/index.php\/wp-json\/wp\/v2\/types\/page"}],"author":[{"embeddable":true,"href":"https:\/\/turckheim.net\/index.php\/wp-json\/wp\/v2\/users\/2"}],"replies":[{"embeddable":true,"href":"https:\/\/turckheim.net\/index.php\/wp-json\/wp\/v2\/comments?post=1330"}],"version-history":[{"count":5,"href":"https:\/\/turckheim.net\/index.php\/wp-json\/wp\/v2\/pages\/1330\/revisions"}],"predecessor-version":[{"id":1418,"href":"https:\/\/turckheim.net\/index.php\/wp-json\/wp\/v2\/pages\/1330\/revisions\/1418"}],"wp:attachment":[{"href":"https:\/\/turckheim.net\/index.php\/wp-json\/wp\/v2\/media?parent=1330"}],"curies":[{"name":"wp","href":"https:\/\/api.w.org\/{rel}","templated":true}]}}