{"id":10,"date":"2020-06-07T03:36:56","date_gmt":"2020-06-07T01:36:56","guid":{"rendered":"https:\/\/turckheim.net\/?page_id=10"},"modified":"2021-06-25T00:00:39","modified_gmt":"2021-06-24T22:00:39","slug":"contact","status":"publish","type":"page","link":"https:\/\/turckheim.net\/index.php\/contact\/","title":{"rendered":"Contact"},"content":{"rendered":"\n<p>Si vous constatez un lien cass\u00e9 ou bien une erreur, merci d&rsquo;\u00e9crire \u00e0 Fanny (deturckheim.fanny@gmail.com) ou bien \u00e0 Nicolas (nicolasdeturckheim@gmail.com). <\/p>\n\n\n\n<p>Pour faire para\u00eetre une information ou bien un article, merci d&rsquo;\u00e9crire \u00e0 Fanny.<\/p>\n\n\n\n<p>Nous reviendrons au plus vite vers vous!<\/p>\n\n\n\n<p><\/p>\n\n\n\n<p><\/p>\n\n\n\n<p>Retrouvez-nous \u00e9galement sur la page <a href=\"https:\/\/www.facebook.com\/groups\/497743286964827\" data-type=\"URL\" data-id=\"https:\/\/www.facebook.com\/groups\/497743286964827\">facebook<\/a><\/p>\n\n\n\n<p>Pour vous y inscrire, n&rsquo;oubliez pas de r\u00e9pondre \u00e0 la question!<\/p>\n\n\n\n<p><\/p>\n\n\n\n<pre class=\"wp-block-code\"><code><\/code><\/pre>\n\n\n\n<p><\/p>\n","protected":false},"excerpt":{"rendered":"<p>Si vous constatez un lien cass\u00e9 ou bien une erreur, merci d&rsquo;\u00e9crire \u00e0 Fanny (deturckheim.fanny@gmail.com) ou bien \u00e0 Nicolas (nicolasdeturckheim@gmail.com). Pour faire para\u00eetre une information ou bien un article, merci d&rsquo;\u00e9crire \u00e0 Fanny. Nous reviendrons au plus vite vers vous! Retrouvez-nous \u00e9galement sur la page facebook Pour vous y inscrire, n&rsquo;oubliez pas de r\u00e9pondre \u00e0 &hellip; <\/p>\n<p class=\"link-more\"><a href=\"https:\/\/turckheim.net\/index.php\/contact\/\" class=\"more-link\">Continuer la lecture<span class=\"screen-reader-text\"> de &laquo;&nbsp;Contact&nbsp;&raquo;<\/span><\/a><\/p>\n","protected":false},"author":1,"featured_media":0,"parent":0,"menu_order":0,"comment_status":"closed","ping_status":"closed","template":"","meta":{"footnotes":""},"class_list":["post-10","page","type-page","status-publish","hentry"],"_links":{"self":[{"href":"https:\/\/turckheim.net\/index.php\/wp-json\/wp\/v2\/pages\/10","targetHints":{"allow":["GET"]}}],"collection":[{"href":"https:\/\/turckheim.net\/index.php\/wp-json\/wp\/v2\/pages"}],"about":[{"href":"https:\/\/turckheim.net\/index.php\/wp-json\/wp\/v2\/types\/page"}],"author":[{"embeddable":true,"href":"https:\/\/turckheim.net\/index.php\/wp-json\/wp\/v2\/users\/1"}],"replies":[{"embeddable":true,"href":"https:\/\/turckheim.net\/index.php\/wp-json\/wp\/v2\/comments?post=10"}],"version-history":[{"count":9,"href":"https:\/\/turckheim.net\/index.php\/wp-json\/wp\/v2\/pages\/10\/revisions"}],"predecessor-version":[{"id":1123,"href":"https:\/\/turckheim.net\/index.php\/wp-json\/wp\/v2\/pages\/10\/revisions\/1123"}],"wp:attachment":[{"href":"https:\/\/turckheim.net\/index.php\/wp-json\/wp\/v2\/media?parent=10"}],"curies":[{"name":"wp","href":"https:\/\/api.w.org\/{rel}","templated":true}]}}